{"id":658,"date":"2026-02-09T10:08:07","date_gmt":"2026-02-09T10:08:07","guid":{"rendered":"https:\/\/klinika-imagine.pl\/sklep\/?post_type=product&#038;p=658"},"modified":"2026-02-09T10:08:07","modified_gmt":"2026-02-09T10:08:07","slug":"acai-berry-extreme","status":"publish","type":"product","link":"https:\/\/klinika-imagine.pl\/sklep\/product\/acai-berry-extreme\/","title":{"rendered":"Acai Berry Extreme"},"content":{"rendered":"<p class=\"font-claude-response-body break-words whitespace-normal leading-[1.7]\">Acai Berry Extreme to zaawansowany suplement diety w formie kapsu\u0142ek, kt\u00f3ry zosta\u0142 stworzony z my\u015bl\u0105 o osobach pragn\u0105cych skutecznie zredukowa\u0107 zb\u0119dn\u0105 tkank\u0119 t\u0142uszczow\u0105. Produkt ten \u0142\u0105czy w sobie moc naturalnych sk\u0142adnik\u00f3w aktywnych, w\u015br\u00f3d kt\u00f3rych g\u0142\u00f3wn\u0105 rol\u0119 odgrywa ekstrakt z jag\u00f3d acai \u2013 owoc\u00f3w uznawanych za jedno z najbogatszych \u017ar\u00f3de\u0142 antyoksydant\u00f3w na \u015bwiecie.<\/p>\n<p class=\"font-claude-response-body break-words whitespace-normal leading-[1.7]\">Formu\u0142a Acai Berry Extreme opiera si\u0119 na synergicznym dzia\u0142aniu sk\u0142adnik\u00f3w pochodzenia ro\u015blinnego, kt\u00f3re wspieraj\u0105 procesy metaboliczne organizmu. Jagody acai, pozyskiwane z palm rosn\u0105cych w lasach deszczowych Amazonii, od wiek\u00f3w by\u0142y wykorzystywane przez miejscow\u0105 ludno\u015b\u0107 ze wzgl\u0119du na swoje wyj\u0105tkowe w\u0142a\u015bciwo\u015bci zdrowotne.<\/p>\n<p class=\"font-claude-response-body break-words whitespace-normal leading-[1.7]\">Suplement skierowany jest przede wszystkim do os\u00f3b, kt\u00f3re pragn\u0105 wspom\u00f3c proces redukcji masy cia\u0142a w spos\u00f3b naturalny i bezpieczny. Produkt mo\u017ce by\u0107 szczeg\u00f3lnie pomocny dla os\u00f3b zmagaj\u0105cych si\u0119 z nadwag\u0105, wolnym metabolizmem oraz dla tych, kt\u00f3rzy pragn\u0105 poprawi\u0107 swoj\u0105 sylwetk\u0119 i samopoczucie.<\/p>\n<h2 class=\"text-text-100 mt-3 -mb-1 text-[1.125rem] font-bold\">Jak dzia\u0142a Acai Berry Extreme \u2013 efekty stosowania<\/h2>\n<p class=\"font-claude-response-body break-words whitespace-normal leading-[1.7]\">Mechanizm dzia\u0142ania Acai Berry Extreme opiera si\u0119 na kompleksowym wp\u0142ywie na procesy zachodz\u0105ce w organizmie podczas redukcji masy cia\u0142a. Suplement wspiera organizm na wielu p\u0142aszczyznach, co przek\u0142ada si\u0119 na widoczne efekty stosowania.<\/p>\n<p class=\"font-claude-response-body break-words whitespace-normal leading-[1.7]\">Przede wszystkim, sk\u0142adniki aktywne zawarte w produkcie przyspieszaj\u0105 tempo metabolizmu, co prowadzi do intensywniejszego spalania kalorii. Jagody acai zawieraj\u0105 wysokie st\u0119\u017cenie polifenoli i antocyjan\u00f3w, kt\u00f3re pobudzaj\u0105 termogenez\u0119 \u2013 proces wytwarzania ciep\u0142a w organizmie, podczas kt\u00f3rego spalane s\u0105 zapasy energetyczne zgromadzone w postaci tkanki t\u0142uszczowej.<\/p>\n<p class=\"font-claude-response-body break-words whitespace-normal leading-[1.7]\"><strong>G\u0142\u00f3wne efekty stosowania Acai Berry Extreme:<\/strong><\/p>\n<ul class=\"[li_&amp;]:mb-0 [li_&amp;]:mt-1 [li_&amp;]:gap-1 [&amp;:not(:last-child)_ul]:pb-1 [&amp;:not(:last-child)_ol]:pb-1 list-disc flex flex-col gap-1 pl-8 mb-3\">\n<li class=\"whitespace-normal break-words pl-2\"><strong>Redukcja tkanki t\u0142uszczowej<\/strong> \u2013 regularne stosowanie suplementu wspiera spalanie zgromadzonej w organizmie tkanki t\u0142uszczowej, szczeg\u00f3lnie w partach cia\u0142a uznawanych za najbardziej problematyczne, takich jak brzuch, uda i po\u015bladki<\/li>\n<li class=\"whitespace-normal break-words pl-2\"><strong>Kontrola apetytu<\/strong> \u2013 sk\u0142adniki aktywne pomagaj\u0105 w regulacji uczucia g\u0142odu, zmniejszaj\u0105c ochot\u0119 na podjadanie mi\u0119dzy posi\u0142kami oraz ograniczaj\u0105c \u0142aknienie s\u0142odkich przek\u0105sek<\/li>\n<li class=\"whitespace-normal break-words pl-2\"><strong>Wzrost poziomu energii<\/strong> \u2013 naturalny ekstrakt z jag\u00f3d acai dostarcza organizmowi cennych substancji od\u017cywczych, kt\u00f3re wspieraj\u0105 produkcj\u0119 energii, eliminuj\u0105c uczucie zm\u0119czenia towarzysz\u0105ce cz\u0119sto dietom redukcyjnym<\/li>\n<li class=\"whitespace-normal break-words pl-2\"><strong>Poprawa kondycji fizycznej<\/strong> \u2013 dzi\u0119ki zwi\u0119kszonej witalno\u015bci i lepszemu samopoczuciu, \u0142atwiej jest utrzyma\u0107 regularn\u0105 aktywno\u015b\u0107 fizyczn\u0105, co dodatkowo wspiera proces odchudzania<\/li>\n<li class=\"whitespace-normal break-words pl-2\"><strong>Detoksykacja organizmu<\/strong> \u2013 antyoksydanty zawarte w jagodach acai pomagaj\u0105 w neutralizacji wolnych rodnik\u00f3w oraz wspieraj\u0105 procesy oczyszczania organizmu z toksyn<\/li>\n<li class=\"whitespace-normal break-words pl-2\"><strong>Poprawa wygl\u0105du sk\u00f3ry<\/strong> \u2013 bogactwo witamin i minera\u0142\u00f3w pozytywnie wp\u0142ywa na kondycj\u0119 sk\u00f3ry, poprawiaj\u0105c jej nawil\u017cenie, elastyczno\u015b\u0107 i og\u00f3lny wygl\u0105d<\/li>\n<\/ul>\n<p class=\"font-claude-response-body break-words whitespace-normal leading-[1.7]\">Efekty stosowania Acai Berry Extreme s\u0105 zazwyczaj zauwa\u017calne ju\u017c po kilku tygodniach regularnego przyjmowania suplementu, jednak najlepsze rezultaty osi\u0105ga si\u0119 przy d\u0142u\u017cszym, systematycznym stosowaniu produktu w po\u0142\u0105czeniu ze zbilansowan\u0105 diet\u0105 i umiarkowan\u0105 aktywno\u015bci\u0105 fizyczn\u0105.<\/p>\n<h2 class=\"text-text-100 mt-3 -mb-1 text-[1.125rem] font-bold\">Sk\u0142ad Acai Berry Extreme \u2013 naturalne sk\u0142adniki<\/h2>\n<p class=\"font-claude-response-body break-words whitespace-normal leading-[1.7]\">Skuteczno\u015b\u0107 Acai Berry Extreme wynika z precyzyjnie dobranej kompozycji naturalnych sk\u0142adnik\u00f3w aktywnych. Ka\u017cdy z komponent\u00f3w formu\u0142y zosta\u0142 wybrany ze wzgl\u0119du na udokumentowane w\u0142a\u015bciwo\u015bci wspieraj\u0105ce proces redukcji masy cia\u0142a.<\/p>\n<p class=\"font-claude-response-body break-words whitespace-normal leading-[1.7]\"><strong>Kluczowe sk\u0142adniki suplementu:<\/strong><\/p>\n<ul class=\"[li_&amp;]:mb-0 [li_&amp;]:mt-1 [li_&amp;]:gap-1 [&amp;:not(:last-child)_ul]:pb-1 [&amp;:not(:last-child)_ol]:pb-1 list-disc flex flex-col gap-1 pl-8 mb-3\">\n<li class=\"whitespace-normal break-words pl-2\"><strong>Ekstrakt z jag\u00f3d acai<\/strong> \u2013 g\u0142\u00f3wny sk\u0142adnik aktywny suplementu, stanowi\u0105cy bogate \u017ar\u00f3d\u0142o antocyjan\u00f3w, polifenoli oraz witamin z grupy B, C i E. Jagody acai charakteryzuj\u0105 si\u0119 wyj\u0105tkowo wysok\u0105 zdolno\u015bci\u0105 antyoksydacyjn\u0105, wspieraj\u0105 metabolizm t\u0142uszczy oraz pomagaj\u0105 w kontroli poziomu glukozy we krwi<\/li>\n<li class=\"whitespace-normal break-words pl-2\"><strong>Ekstrakt z zielonej herbaty<\/strong> \u2013 zawiera naturalne katechiny, w tym galusan epigallokatechiny, kt\u00f3ry pobudza termogenez\u0119 i przyspiesza spalanie kalorii. Dodatkowo wspiera trawienie i pomaga w utrzymaniu prawid\u0142owego poziomu cholesterolu<\/li>\n<li class=\"whitespace-normal break-words pl-2\"><strong>Ekstrakt z guarany<\/strong> \u2013 naturalne \u017ar\u00f3d\u0142o kofeiny, kt\u00f3re stymuluje uk\u0142ad nerwowy, zwi\u0119ksza poziom energii oraz wspomaga procesy lipolizy, czyli rozk\u0142adu tkanki t\u0142uszczowej<\/li>\n<li class=\"whitespace-normal break-words pl-2\"><strong>Witamina C<\/strong> \u2013 wspiera syntez\u0119 kolagenu, wzmacnia odporno\u015b\u0107 organizmu oraz chroni kom\u00f3rki przed stresem oksydacyjnym, co jest szczeg\u00f3lnie wa\u017cne podczas intensywnej redukcji masy cia\u0142a<\/li>\n<li class=\"whitespace-normal break-words pl-2\"><strong>Chrom<\/strong> \u2013 mikroelement odgrywaj\u0105cy kluczow\u0105 rol\u0119 w metabolizmie w\u0119glowodan\u00f3w i t\u0142uszczy, pomaga w utrzymaniu prawid\u0142owego poziomu glukozy we krwi oraz redukuje \u0142aknienie s\u0142odyczy<\/li>\n<li class=\"whitespace-normal break-words pl-2\"><strong>Kwas pantotenowy<\/strong> \u2013 witamina z grupy B, kt\u00f3ra uczestniczy w procesach metabolicznych zwi\u0105zanych z produkcj\u0105 energii z po\u017cywienia oraz wspiera prawid\u0142ow\u0105 syntez\u0119 niekt\u00f3rych hormon\u00f3w<\/li>\n<\/ul>\n<p class=\"font-claude-response-body break-words whitespace-normal leading-[1.7]\">Wszystkie sk\u0142adniki Acai Berry Extreme pochodz\u0105 ze sprawdzonych \u017ar\u00f3de\u0142 i s\u0105 poddawane rygorystycznym kontrolom jako\u015bci. Formu\u0142a zosta\u0142a opracowana w oparciu o najnowsze badania naukowe dotycz\u0105ce wspomagania naturalnych proces\u00f3w odchudzania.<\/p>\n<h2 class=\"text-text-100 mt-3 -mb-1 text-[1.125rem] font-bold\">Cena Acai Berry Extreme \u2013 gdzie kupi\u0107 (apteka, online)<\/h2>\n<p class=\"font-claude-response-body break-words whitespace-normal leading-[1.7]\">Osoby zainteresowane zakupem Acai Berry Extreme powinny wiedzie\u0107, \u017ce produkt nie jest dost\u0119pny w tradycyjnych aptekach stacjonarnych. Producent podj\u0105\u0142 \u015bwiadom\u0105 decyzj\u0119 o dystrybucji suplementu wy\u0142\u0105cznie za po\u015brednictwem oficjalnej strony internetowej.<\/p>\n<p class=\"font-claude-response-body break-words whitespace-normal leading-[1.7]\">Taki model sprzeda\u017cy bezpo\u015bredniej niesie ze sob\u0105 szereg korzy\u015bci dla klient\u00f3w. Przede wszystkim gwarantuje autentyczno\u015b\u0107 produktu i eliminuje ryzyko nabycia podr\u00f3bki lub preparatu o niepotwierdzonym pochodzeniu. Na rynku suplement\u00f3w diety niestety pojawiaj\u0105 si\u0119 nieoryginalne produkty, kt\u00f3re mog\u0105 nie tylko okaza\u0107 si\u0119 nieskuteczne, ale r\u00f3wnie\u017c stanowi\u0107 zagro\u017cenie dla zdrowia.<\/p>\n<p class=\"font-claude-response-body break-words whitespace-normal leading-[1.7]\"><strong>Zalety zakupu bezpo\u015brednio od producenta:<\/strong><\/p>\n<ul class=\"[li_&amp;]:mb-0 [li_&amp;]:mt-1 [li_&amp;]:gap-1 [&amp;:not(:last-child)_ul]:pb-1 [&amp;:not(:last-child)_ol]:pb-1 list-disc flex flex-col gap-1 pl-8 mb-3\">\n<li class=\"whitespace-normal break-words pl-2\"><strong>Gwarancja oryginalno\u015bci<\/strong> \u2013 zakup na oficjalnej stronie internetowej producenta zapewnia, \u017ce otrzymujemy produkt autentyczny, wyprodukowany zgodnie z najwy\u017cszymi standardami jako\u015bci<\/li>\n<li class=\"whitespace-normal break-words pl-2\"><strong>Atrakcyjne promocje<\/strong> \u2013 producent regularnie oferuje korzystne pakiety promocyjne, kt\u00f3re pozwalaj\u0105 na oszcz\u0119dno\u015bci przy zakupie wi\u0119kszej ilo\u015bci opakowa\u0144<\/li>\n<li class=\"whitespace-normal break-words pl-2\"><strong>Wsparcie klienta<\/strong> \u2013 mo\u017cliwo\u015b\u0107 skorzystania z profesjonalnego doradztwa zespo\u0142u obs\u0142ugi klienta, kt\u00f3ry odpowie na wszelkie pytania dotycz\u0105ce produktu i jego stosowania<\/li>\n<li class=\"whitespace-normal break-words pl-2\"><strong>Bezpieczna transakcja<\/strong> \u2013 oficjalna strona producenta zapewnia bezpieczne metody p\u0142atno\u015bci oraz dyskretn\u0105 wysy\u0142k\u0119 zam\u00f3wienia<\/li>\n<li class=\"whitespace-normal break-words pl-2\"><strong>Prawo do zwrotu<\/strong> \u2013 zakup bezpo\u015brednio od producenta daje mo\u017cliwo\u015b\u0107 skorzystania z programu satysfakcji gwarantowanej i zwrotu produktu w przypadku niezadowolenia<\/li>\n<\/ul>\n<p class=\"font-claude-response-body break-words whitespace-normal leading-[1.7]\">Przed dokonaniem zakupu warto zapozna\u0107 si\u0119 z dost\u0119pnymi pakietami i wybra\u0107 opcj\u0119 najlepiej odpowiadaj\u0105c\u0105 indywidualnym potrzebom. Producent zaleca rozpocz\u0119cie od kuracji trwaj\u0105cej co najmniej trzy miesi\u0105ce, aby osi\u0105gn\u0105\u0107 optymalne efekty w zakresie redukcji masy cia\u0142a.<\/p>\n<h2 class=\"text-text-100 mt-3 -mb-1 text-[1.125rem] font-bold\">Instrukcja stosowania Acai Berry Extreme<\/h2>\n<p class=\"font-claude-response-body break-words whitespace-normal leading-[1.7]\">Prawid\u0142owe stosowanie Acai Berry Extreme ma kluczowe znaczenie dla osi\u0105gni\u0119cia zamierzonych efekt\u00f3w. Producent opracowa\u0142 precyzyjne wytyczne dotycz\u0105ce dawkowania, kt\u00f3re pozwalaj\u0105 na bezpieczne i skuteczne wspomaganie procesu odchudzania.<\/p>\n<p class=\"font-claude-response-body break-words whitespace-normal leading-[1.7]\"><strong>Zalecane dawkowanie:<\/strong><\/p>\n<ul class=\"[li_&amp;]:mb-0 [li_&amp;]:mt-1 [li_&amp;]:gap-1 [&amp;:not(:last-child)_ul]:pb-1 [&amp;:not(:last-child)_ol]:pb-1 list-disc flex flex-col gap-1 pl-8 mb-3\">\n<li class=\"whitespace-normal break-words pl-2\"><strong>Dawka dzienna<\/strong> \u2013 dwie kapsu\u0142ki dziennie, przyjmowane w odst\u0119pie kilku godzin, najlepiej przed g\u0142\u00f3wnymi posi\u0142kami<\/li>\n<li class=\"whitespace-normal break-words pl-2\"><strong>Spos\u00f3b przyjmowania<\/strong> \u2013 kapsu\u0142ki nale\u017cy popija\u0107 du\u017c\u0105 ilo\u015bci\u0105 wody, co wspomaga ich wch\u0142anianie i rozpuszczanie sk\u0142adnik\u00f3w aktywnych w organizmie<\/li>\n<li class=\"whitespace-normal break-words pl-2\"><strong>Pora przyjmowania<\/strong> \u2013 pierwsz\u0105 kapsu\u0142k\u0119 zaleca si\u0119 przyj\u0105\u0107 rano, najlepiej oko\u0142o trzydzie\u015bci minut przed \u015bniadaniem, drug\u0105 natomiast przed obiadem lub wczesnym wieczorem<\/li>\n<li class=\"whitespace-normal break-words pl-2\"><strong>D\u0142ugo\u015b\u0107 kuracji<\/strong> \u2013 dla uzyskania optymalnych rezultat\u00f3w zaleca si\u0119 stosowanie suplementu przez okres minimum trzech miesi\u0119cy, przy czym pierwsze efekty mog\u0105 by\u0107 zauwa\u017calne ju\u017c po kilku tygodniach regularnego stosowania<\/li>\n<\/ul>\n<p class=\"font-claude-response-body break-words whitespace-normal leading-[1.7]\">Nie nale\u017cy przekracza\u0107 zalecanej dziennej porcji suplementu. Zwi\u0119kszenie dawki nie przyspieszy procesu odchudzania, a mo\u017ce prowadzi\u0107 do niepo\u017c\u0105danych reakcji organizmu. Acai Berry Extreme stanowi wsparcie dla procesu redukcji masy cia\u0142a, dlatego najlepsze efekty osi\u0105ga si\u0119, \u0142\u0105cz\u0105c jego stosowanie ze zbilansowan\u0105 diet\u0105 bogat\u0105 w warzywa, owoce i pe\u0142noziarniste produkty zbo\u017cowe.<\/p>\n<p class=\"font-claude-response-body break-words whitespace-normal leading-[1.7]\">R\u00f3wnie istotna jest regularna aktywno\u015b\u0107 fizyczna, dostosowana do indywidualnych mo\u017cliwo\u015bci. Nie musz\u0105 to by\u0107 intensywne treningi \u2013 nawet codzienny spacer, jazda na rowerze czy p\u0142ywanie mog\u0105 znacz\u0105co wspom\u00f3c proces spalania tkanki t\u0142uszczowej. Wa\u017cne jest r\u00f3wnie\u017c odpowiednie nawodnienie organizmu \u2013 spo\u017cywanie co najmniej dw\u00f3ch litr\u00f3w wody dziennie wspiera metabolizm i u\u0142atwia eliminacj\u0119 toksyn.<\/p>\n<h2 class=\"text-text-100 mt-3 -mb-1 text-[1.125rem] font-bold\">Skutki uboczne i bezpiecze\u0144stwo stosowania<\/h2>\n<p class=\"font-claude-response-body break-words whitespace-normal leading-[1.7]\">Acai Berry Extreme zosta\u0142 opracowany z my\u015bl\u0105 o bezpiecze\u0144stwie u\u017cytkownik\u00f3w. Formu\u0142a opiera si\u0119 wy\u0142\u0105cznie na naturalnych sk\u0142adnikach pochodzenia ro\u015blinnego, kt\u00f3re s\u0105 dobrze tolerowane przez organizm. Producent przeprowadzi\u0142 szereg test\u00f3w potwierdzaj\u0105cych bezpiecze\u0144stwo stosowania produktu zgodnie z zaleceniami.<\/p>\n<p class=\"font-claude-response-body break-words whitespace-normal leading-[1.7]\">W przewa\u017caj\u0105cej wi\u0119kszo\u015bci przypadk\u00f3w stosowanie Acai Berry Extreme nie powoduje \u017cadnych niepo\u017c\u0105danych reakcji. Jednak, podobnie jak w przypadku ka\u017cdego suplementu diety, istniej\u0105 pewne sytuacje, w kt\u00f3rych nale\u017cy zachowa\u0107 szczeg\u00f3ln\u0105 ostro\u017cno\u015b\u0107.<\/p>\n<p class=\"font-claude-response-body break-words whitespace-normal leading-[1.7]\"><strong>Potencjalne dzia\u0142ania niepo\u017c\u0105dane:<\/strong><\/p>\n<ul class=\"[li_&amp;]:mb-0 [li_&amp;]:mt-1 [li_&amp;]:gap-1 [&amp;:not(:last-child)_ul]:pb-1 [&amp;:not(:last-child)_ol]:pb-1 list-disc flex flex-col gap-1 pl-8 mb-3\">\n<li class=\"whitespace-normal break-words pl-2\"><strong>Lekkie pobudzenie<\/strong> \u2013 ze wzgl\u0119du na obecno\u015b\u0107 naturalnej kofeiny w ekstrakcie z guarany, niekt\u00f3re osoby mog\u0105 odczuwa\u0107 delikatne pobudzenie uk\u0142adu nerwowego, dlatego nie zaleca si\u0119 przyjmowania drugiej kapsu\u0142ki p\u00f3\u017anym wieczorem<\/li>\n<li class=\"whitespace-normal break-words pl-2\"><strong>Zaburzenia trawienne<\/strong> \u2013 w rzadkich przypadkach mog\u0105 wyst\u0105pi\u0107 \u0142agodne dolegliwo\u015bci ze strony przewodu pokarmowego, takie jak wzd\u0119cia lub przyspieszona perystaltyka jelit, zw\u0142aszcza w pocz\u0105tkowym okresie stosowania<\/li>\n<li class=\"whitespace-normal break-words pl-2\"><strong>Reakcje alergiczne<\/strong> \u2013 osoby uczulone na kt\u00f3rykolwiek ze sk\u0142adnik\u00f3w produktu mog\u0105 do\u015bwiadczy\u0107 reakcji alergicznych, dlatego przed rozpocz\u0119ciem suplementacji nale\u017cy dok\u0142adnie zapozna\u0107 si\u0119 ze sk\u0142adem<\/li>\n<\/ul>\n<p class=\"font-claude-response-body break-words whitespace-normal leading-[1.7]\"><strong>Przeciwwskazania do stosowania:<\/strong><\/p>\n<ul class=\"[li_&amp;]:mb-0 [li_&amp;]:mt-1 [li_&amp;]:gap-1 [&amp;:not(:last-child)_ul]:pb-1 [&amp;:not(:last-child)_ol]:pb-1 list-disc flex flex-col gap-1 pl-8 mb-3\">\n<li class=\"whitespace-normal break-words pl-2\"><strong>Ci\u0105\u017ca i karmienie piersi\u0105<\/strong> \u2013 kobiety w ci\u0105\u017cy oraz karmi\u0105ce piersi\u0105 powinny powstrzyma\u0107 si\u0119 od stosowania suplementu bez wcze\u015bniejszej konsultacji z lekarzem<\/li>\n<li class=\"whitespace-normal break-words pl-2\"><strong>Osoby poni\u017cej osiemnastego roku \u017cycia<\/strong> \u2013 produkt zosta\u0142 zaprojektowany dla doros\u0142ych i nie jest przeznaczony dla dzieci i m\u0142odzie\u017cy<\/li>\n<li class=\"whitespace-normal break-words pl-2\"><strong>Choroby przewlek\u0142e<\/strong> \u2013 osoby cierpi\u0105ce na przewlek\u0142e schorzenia, przyjmuj\u0105ce leki na sta\u0142e lub b\u0119d\u0105ce pod opiek\u0105 lekarsk\u0105 powinny skonsultowa\u0107 stosowanie suplementu ze specjalist\u0105<\/li>\n<li class=\"whitespace-normal break-words pl-2\"><strong>Nadwra\u017cliwo\u015b\u0107 na kofein\u0119<\/strong> \u2013 osoby szczeg\u00f3lnie wra\u017cliwe na dzia\u0142anie kofeiny powinny zachowa\u0107 ostro\u017cno\u015b\u0107 lub rozwa\u017cy\u0107 stosowanie produktu pod nadzorem specjalisty<\/li>\n<\/ul>\n<p class=\"font-claude-response-body break-words whitespace-normal leading-[1.7]\">Acai Berry Extreme nie zast\u0119puje lek\u00f3w ani zbilansowanej diety. Suplement stanowi wsparcie dla naturalnych proces\u00f3w metabolicznych organizmu i powinien by\u0107 traktowany jako element kompleksowego podej\u015bcia do redukcji masy cia\u0142a.<\/p>\n<h2 class=\"text-text-100 mt-3 -mb-1 text-[1.125rem] font-bold\">Opinie o Acai Berry Extreme \u2013 recenzje i forum<\/h2>\n<p class=\"font-claude-response-body break-words whitespace-normal leading-[1.7]\">Acai Berry Extreme cieszy si\u0119 rosn\u0105c\u0105 popularno\u015bci\u0105 w\u015br\u00f3d os\u00f3b poszukuj\u0105cych skutecznego wsparcia w procesie odchudzania. Na forach internetowych i w mediach spo\u0142eczno\u015bciowych mo\u017cna znale\u017a\u0107 liczne recenzje u\u017cytkownik\u00f3w, kt\u00f3rzy podzielili si\u0119 swoimi do\u015bwiadczeniami zwi\u0105zanymi ze stosowaniem tego suplementu.<\/p>\n<p class=\"font-claude-response-body break-words whitespace-normal leading-[1.7]\"><strong>Pozytywne aspekty najcz\u0119\u015bciej podkre\u015blane przez u\u017cytkownik\u00f3w:<\/strong><\/p>\n<ul class=\"[li_&amp;]:mb-0 [li_&amp;]:mt-1 [li_&amp;]:gap-1 [&amp;:not(:last-child)_ul]:pb-1 [&amp;:not(:last-child)_ol]:pb-1 list-disc flex flex-col gap-1 pl-8 mb-3\">\n<li class=\"whitespace-normal break-words pl-2\"><strong>Zauwa\u017calna redukcja masy cia\u0142a<\/strong> \u2013 wi\u0119kszo\u015b\u0107 os\u00f3b stosuj\u0105cych Acai Berry Extreme zgodnie z zaleceniami potwierdza stopniow\u0105, ale konsekwentn\u0105 utrat\u0119 zb\u0119dnych kilogram\u00f3w<\/li>\n<li class=\"whitespace-normal break-words pl-2\"><strong>Wzrost energii i witalno\u015bci<\/strong> \u2013 u\u017cytkownicy podkre\u015blaj\u0105, \u017ce podczas stosowania suplementu nie odczuwali typowego dla diet redukcyjnych zm\u0119czenia i os\u0142abienia<\/li>\n<li class=\"whitespace-normal break-words pl-2\"><strong>Zmniejszenie apetytu<\/strong> \u2013 wiele os\u00f3b zwraca uwag\u0119 na skuteczn\u0105 kontrol\u0119 g\u0142odu i zmniejszenie ochoty na niezdrowe przek\u0105ski mi\u0119dzy posi\u0142kami<\/li>\n<li class=\"whitespace-normal break-words pl-2\"><strong>Naturalny sk\u0142ad<\/strong> \u2013 klienci doceniaj\u0105 fakt, \u017ce produkt opiera si\u0119 na sk\u0142adnikach pochodzenia ro\u015blinnego, co minimalizuje ryzyko niepo\u017c\u0105danych skutk\u00f3w ubocznych<\/li>\n<li class=\"whitespace-normal break-words pl-2\"><strong>\u0141atwo\u015b\u0107 stosowania<\/strong> \u2013 prosta dawka dwie kapsu\u0142ki dziennie sprawia, \u017ce suplement \u0142atwo w\u0142\u0105czy\u0107 do codziennej rutyny<\/li>\n<\/ul>\n<p class=\"font-claude-response-body break-words whitespace-normal leading-[1.7]\"><strong>Przyk\u0142adowe opinie u\u017cytkownik\u00f3w:<\/strong><\/p>\n<ul class=\"[li_&amp;]:mb-0 [li_&amp;]:mt-1 [li_&amp;]:gap-1 [&amp;:not(:last-child)_ul]:pb-1 [&amp;:not(:last-child)_ol]:pb-1 list-disc flex flex-col gap-1 pl-8 mb-3\">\n<li class=\"whitespace-normal break-words pl-2\"><strong>Joanna, trzydzie\u015bci osiem lat \u2013 \u2605\u2605\u2605\u2605\u2605<\/strong> \u2013 &#8222;Po czterech miesi\u0105cach stosowania Acai Berry Extreme zrzuci\u0142am jedena\u015bcie kilogram\u00f3w. Przede wszystkim doceniam to, \u017ce nie odczuwa\u0142am ci\u0105g\u0142ego g\u0142odu, kt\u00f3ry zazwyczaj towarzyszy\u0142 mi podczas wcze\u015bniejszych pr\u00f3b odchudzania. Efekty s\u0105 widoczne nie tylko na wadze, ale te\u017c w lustrzanym odbiciu \u2013 sylwetka sta\u0142a si\u0119 zdecydowanie bardziej wysmuk\u0142a. Polecam wszystkim, kt\u00f3rzy szukaj\u0105 naturalnego wsparcia w redukcji wagi.&#8221;<\/li>\n<li class=\"whitespace-normal break-words pl-2\"><strong>Piotr, czterdzie\u015bci pi\u0119\u0107 lat \u2013 \u2605\u2605\u2605\u2605\u2606<\/strong> \u2013 &#8222;Jako osoba pracuj\u0105ca siedz\u0105c\u0105 mia\u0142em du\u017cy problem z nadwag\u0105 i wolnym metabolizmem. Po trzech miesi\u0105cach regularnego stosowania Acai Berry Extreme straci\u0142em dziewi\u0119\u0107 kilogram\u00f3w, co jest dla mnie \u015bwietnym wynikiem. Najbardziej ceni\u0119 sobie fakt, \u017ce mam teraz znacznie wi\u0119cej energii do aktywno\u015bci fizycznej, co dodatkowo pomaga w utrzymaniu efekt\u00f3w. Jedyny minus to delikatne pobudzenie w pierwszych dniach stosowania, ale organizm szybko si\u0119 przyzwyczai\u0142.&#8221;<\/li>\n<\/ul>\n<p class=\"font-claude-response-body break-words whitespace-normal leading-[1.7]\">Warto jednak pami\u0119ta\u0107, \u017ce opinie na temat suplement\u00f3w diety s\u0105 zawsze subiektywne i mog\u0105 si\u0119 r\u00f3\u017cni\u0107 w zale\u017cno\u015bci od indywidualnych predyspozycji organizmu. Efekty stosowania Acai Berry Extreme zale\u017c\u0105 od wielu czynnik\u00f3w, w tym od stylu \u017cycia, diety, aktywno\u015bci fizycznej oraz indywidualnego metabolizmu.<\/p>\n<p class=\"font-claude-response-body break-words whitespace-normal leading-[1.7]\">Na forach internetowych mo\u017cna r\u00f3wnie\u017c znale\u017a\u0107 konstruktywne dyskusje na temat optymalnego sposobu stosowania suplementu. U\u017cytkownicy ch\u0119tnie dziel\u0105 si\u0119 swoimi do\u015bwiadczeniami dotycz\u0105cymi \u0142\u0105czenia Acai Berry Extreme z r\u00f3\u017cnymi programami dietetycznymi, co mo\u017ce by\u0107 cenn\u0105 wskaz\u00f3wk\u0105 dla os\u00f3b rozpoczynaj\u0105cych swoj\u0105 przygod\u0119 z tym produktem.<\/p>\n<p class=\"font-claude-response-body break-words whitespace-normal leading-[1.7]\">Acai Berry Extreme stanowi warto\u015bciowe wsparcie dla os\u00f3b pragn\u0105cych w naturalny spos\u00f3b zredukowa\u0107 nadmiern\u0105 mas\u0119 cia\u0142a. Skuteczno\u015b\u0107 produktu potwierdza rosn\u0105ca liczba pozytywnych recenzji oraz zadowolenie u\u017cytkownik\u00f3w, kt\u00f3rzy zdecydowali si\u0119 na zakup suplementu bezpo\u015brednio od producenta.<\/p>\n","protected":false},"excerpt":{"rendered":"<p>Acai Berry Extreme to zaawansowany suplement diety w formie kapsu\u0142ek, kt\u00f3ry zosta\u0142 stworzony z my\u015bl\u0105 o osobach pragn\u0105cych skutecznie zredukowa\u0107 zb\u0119dn\u0105 tkank\u0119 t\u0142uszczow\u0105. Produkt ten \u0142\u0105czy w sobie moc naturalnych sk\u0142adnik\u00f3w aktywnych, w\u015br\u00f3d kt\u00f3rych g\u0142\u00f3wn\u0105 rol\u0119 odgrywa ekstrakt z jag\u00f3d acai \u2013 owoc\u00f3w uznawanych za jedno z najbogatszych \u017ar\u00f3de\u0142 antyoksydant\u00f3w na \u015bwiecie. Formu\u0142a Acai Berry [&hellip;]<\/p>\n","protected":false},"featured_media":659,"comment_status":"open","ping_status":"closed","template":"","meta":[],"product_brand":[],"product_cat":[15],"product_tag":[],"class_list":{"0":"post-658","1":"product","2":"type-product","3":"status-publish","4":"has-post-thumbnail","6":"product_cat-witaminy","8":"first","9":"instock","10":"shipping-taxable","11":"product-type-external"},"aioseo_notices":[],"_links":{"self":[{"href":"https:\/\/klinika-imagine.pl\/sklep\/wp-json\/wp\/v2\/product\/658","targetHints":{"allow":["GET"]}}],"collection":[{"href":"https:\/\/klinika-imagine.pl\/sklep\/wp-json\/wp\/v2\/product"}],"about":[{"href":"https:\/\/klinika-imagine.pl\/sklep\/wp-json\/wp\/v2\/types\/product"}],"replies":[{"embeddable":true,"href":"https:\/\/klinika-imagine.pl\/sklep\/wp-json\/wp\/v2\/comments?post=658"}],"wp:featuredmedia":[{"embeddable":true,"href":"https:\/\/klinika-imagine.pl\/sklep\/wp-json\/wp\/v2\/media\/659"}],"wp:attachment":[{"href":"https:\/\/klinika-imagine.pl\/sklep\/wp-json\/wp\/v2\/media?parent=658"}],"wp:term":[{"taxonomy":"product_brand","embeddable":true,"href":"https:\/\/klinika-imagine.pl\/sklep\/wp-json\/wp\/v2\/product_brand?post=658"},{"taxonomy":"product_cat","embeddable":true,"href":"https:\/\/klinika-imagine.pl\/sklep\/wp-json\/wp\/v2\/product_cat?post=658"},{"taxonomy":"product_tag","embeddable":true,"href":"https:\/\/klinika-imagine.pl\/sklep\/wp-json\/wp\/v2\/product_tag?post=658"}],"curies":[{"name":"wp","href":"https:\/\/api.w.org\/{rel}","templated":true}]}}