{"id":235,"date":"2026-02-03T08:09:18","date_gmt":"2026-02-03T08:09:18","guid":{"rendered":"https:\/\/klinika-imagine.pl\/sklep\/?post_type=product&#038;p=235"},"modified":"2026-02-03T08:09:19","modified_gmt":"2026-02-03T08:09:19","slug":"enlargement","status":"publish","type":"product","link":"https:\/\/klinika-imagine.pl\/sklep\/product\/enlargement\/","title":{"rendered":"Enlargement"},"content":{"rendered":"<p class=\"font-claude-response-body break-words whitespace-normal leading-[1.7]\">Enlargement to innowacyjny suplement diety w formie kapsu\u0142ek, stworzony specjalnie dla m\u0119\u017cczyzn pragn\u0105cych poprawi\u0107 jako\u015b\u0107 swojego \u017cycia intymnego. Produkt zosta\u0142 opracowany z my\u015bl\u0105 o kompleksowym wsparciu m\u0119skiej funkcji seksualnej, wykorzystuj\u0105c wy\u0142\u0105cznie naturalne sk\u0142adniki o udokumentowanym dzia\u0142aniu.<\/p>\n<p class=\"font-claude-response-body break-words whitespace-normal leading-[1.7]\">Preparat wyr\u00f3\u017cnia si\u0119 na tle konkurencji przemy\u015blan\u0105 formu\u0142\u0105, kt\u00f3ra \u0142\u0105czy tradycyjn\u0105 wiedz\u0119 zio\u0142olecznictwa z nowoczesnymi osi\u0105gni\u0119ciami suplementacji. Enlargement wspiera naturalne procesy zachodz\u0105ce w organizmie m\u0119\u017cczyzny, nie ingeruj\u0105c agresywnie w ich przebieg.<\/p>\n<p class=\"font-claude-response-body break-words whitespace-normal leading-[1.7]\">Kapsu\u0142ki przeznaczone s\u0105 dla m\u0119\u017cczyzn w r\u00f3\u017cnym wieku, kt\u00f3rzy do\u015bwiadczaj\u0105 problem\u00f3w z erekcj\u0105, obni\u017conym libido lub chc\u0105 zwi\u0119kszy\u0107 swoj\u0105 wydolno\u015b\u0107 seksualn\u0105. Produkt mo\u017ce by\u0107 stosowany zar\u00f3wno przez osoby z wyra\u017anymi dysfunkcjami, jak i przez tych, kt\u00f3rzy pragn\u0105 po prostu poprawi\u0107 swoje osi\u0105gi w sypialni.<\/p>\n<h2 class=\"text-text-100 mt-3 -mb-1 text-[1.125rem] font-bold\">Jak dzia\u0142a Enlargement \u2013 efekty stosowania<\/h2>\n<p class=\"font-claude-response-body break-words whitespace-normal leading-[1.7]\">Mechanizm dzia\u0142ania Enlargement opiera si\u0119 na wielokierunkowym wp\u0142ywie na m\u0119ski organizm. Sk\u0142adniki aktywne zawarte w kapsu\u0142kach stymuluj\u0105 produkcj\u0119 tlenku azotu, kt\u00f3ry rozszerza naczynia krwiono\u015bne w obr\u0119bie narz\u0105d\u00f3w p\u0142ciowych, co przek\u0142ada si\u0119 na lepsze ukrwienie i silniejsz\u0105 erekcj\u0119.<\/p>\n<p class=\"font-claude-response-body break-words whitespace-normal leading-[1.7]\">Efekty stosowania suplementu pojawiaj\u0105 si\u0119 stopniowo i obejmuj\u0105 r\u00f3\u017cne aspekty funkcji seksualnej:<\/p>\n<ul class=\"[li_&amp;]:mb-0 [li_&amp;]:mt-1 [li_&amp;]:gap-1 [&amp;:not(:last-child)_ul]:pb-1 [&amp;:not(:last-child)_ol]:pb-1 list-disc flex flex-col gap-1 pl-8 mb-3\">\n<li class=\"whitespace-normal break-words pl-2\"><strong>Wzmocnienie erekcji<\/strong> \u2013 substancje aktywne poprawiaj\u0105 przep\u0142yw krwi do pr\u0105cia, co skutkuje twardsz\u0105 i trwalsz\u0105 erekcj\u0105<\/li>\n<li class=\"whitespace-normal break-words pl-2\"><strong>Zwi\u0119kszenie libido<\/strong> \u2013 naturalne afrodyzjaki zawarte w sk\u0142adzie stymuluj\u0105 pop\u0119d p\u0142ciowy i pobudzaj\u0105 po\u017c\u0105danie seksualne<\/li>\n<li class=\"whitespace-normal break-words pl-2\"><strong>Wyd\u0142u\u017cenie stosunku<\/strong> \u2013 preparat wspiera kontrol\u0119 nad wytryskiem, pozwalaj\u0105c na d\u0142u\u017csze zbli\u017cenia<\/li>\n<li class=\"whitespace-normal break-words pl-2\"><strong>Intensywniejsze doznania<\/strong> \u2013 poprawa wra\u017cliwo\u015bci receptor\u00f3w i przep\u0142ywu krwi przek\u0142ada si\u0119 na silniejsze odczucia podczas orgazmu<\/li>\n<li class=\"whitespace-normal break-words pl-2\"><strong>Wzrost energii<\/strong> \u2013 sk\u0142adniki adaptogenne zwi\u0119kszaj\u0105 og\u00f3ln\u0105 witalno\u015b\u0107 i wytrzyma\u0142o\u015b\u0107 organizmu<\/li>\n<li class=\"whitespace-normal break-words pl-2\"><strong>Poprawa nastroju<\/strong> \u2013 regulacja gospodarki hormonalnej wp\u0142ywa pozytywnie na samopoczucie i pewno\u015b\u0107 siebie<\/li>\n<\/ul>\n<p class=\"font-claude-response-body break-words whitespace-normal leading-[1.7]\">Pierwsze efekty mog\u0105 by\u0107 zauwa\u017calne ju\u017c po kilku dniach regularnego stosowania, jednak pe\u0142nia korzy\u015bci ujawnia si\u0119 po oko\u0142o czterech tygodniach suplementacji. Dzia\u0142anie preparatu ma charakter narastaj\u0105cy \u2013 im d\u0142u\u017cej trwa kuracja, tym bardziej wyra\u017ane rezultaty.<\/p>\n<h2 class=\"text-text-100 mt-3 -mb-1 text-[1.125rem] font-bold\">Sk\u0142ad Enlargement \u2013 naturalne sk\u0142adniki<\/h2>\n<p class=\"font-claude-response-body break-words whitespace-normal leading-[1.7]\">Formula Enlargement zawiera starannie dobrane sk\u0142adniki naturalne, kt\u00f3re synergicznie wspieraj\u0105 m\u0119sk\u0105 witalno\u015b\u0107 seksualn\u0105. Ka\u017cdy komponent zosta\u0142 wybrany ze wzgl\u0119du na swoje w\u0142a\u015bciwo\u015bci potwierdzone badaniami:<\/p>\n<ul class=\"[li_&amp;]:mb-0 [li_&amp;]:mt-1 [li_&amp;]:gap-1 [&amp;:not(:last-child)_ul]:pb-1 [&amp;:not(:last-child)_ol]:pb-1 list-disc flex flex-col gap-1 pl-8 mb-3\">\n<li class=\"whitespace-normal break-words pl-2\"><strong>Korze\u0144 maca<\/strong> \u2013 peruwia\u0144ska ro\u015blina znana z w\u0142a\u015bciwo\u015bci afrodyzjakowych, zwi\u0119ksza libido i poprawia jako\u015b\u0107 nasienia<\/li>\n<li class=\"whitespace-normal break-words pl-2\"><strong>Ekstrakt z Tribulus terrestris<\/strong> \u2013 stymuluje naturaln\u0105 produkcj\u0119 testosteronu, wzmacnia potencj\u0119 i poprawia wydolno\u015b\u0107 fizyczn\u0105<\/li>\n<li class=\"whitespace-normal break-words pl-2\"><strong>L-arginina<\/strong> \u2013 aminokwas prekursorowy dla tlenku azotu, rozszerza naczynia krwiono\u015bne i poprawia ukrwienie narz\u0105d\u00f3w p\u0142ciowych<\/li>\n<li class=\"whitespace-normal break-words pl-2\"><strong>\u017be\u0144-sze\u0144 korea\u0144ski<\/strong> \u2013 adaptogen zwi\u0119kszaj\u0105cy energi\u0119, wytrzyma\u0142o\u015b\u0107 i odporno\u015b\u0107 na stres, poprawia funkcje seksualne<\/li>\n<li class=\"whitespace-normal break-words pl-2\"><strong>Ekstrakt z kory sosny<\/strong> \u2013 \u017ar\u00f3d\u0142o proantocyjanidyn wspieraj\u0105cych kr\u0105\u017cenie i zdrowie uk\u0142adu sercowo-naczyniowego<\/li>\n<li class=\"whitespace-normal break-words pl-2\"><strong>Cynk<\/strong> \u2013 mineralny sk\u0142adnik niezb\u0119dny dla produkcji testosteronu i prawid\u0142owego funkcjonowania uk\u0142adu rozrodczego<\/li>\n<li class=\"whitespace-normal break-words pl-2\"><strong>Witamina B6<\/strong> \u2013 wspomaga metabolizm hormonalny i funkcjonowanie uk\u0142adu nerwowego<\/li>\n<\/ul>\n<p class=\"font-claude-response-body break-words whitespace-normal leading-[1.7]\">Wszystkie sk\u0142adniki pochodz\u0105 z certyfikowanych \u017ar\u00f3de\u0142 i s\u0105 poddawane rygorystycznej kontroli jako\u015bci. Produkt nie zawiera sztucznych dodatk\u00f3w, barwnik\u00f3w ani konserwant\u00f3w.<\/p>\n<h2 class=\"text-text-100 mt-3 -mb-1 text-[1.125rem] font-bold\">Cena Enlargement \u2013 gdzie kupi\u0107 (apteka, online)<\/h2>\n<p class=\"font-claude-response-body break-words whitespace-normal leading-[1.7]\">Enlargement nie jest dost\u0119pny w tradycyjnych aptekach stacjonarnych ani w sieciach handlowych. Producent zdecydowa\u0142 si\u0119 na model dystrybucji bezpo\u015bredniej, co pozwala na zachowanie konkurencyjnej ceny i zagwarantowanie oryginalno\u015bci produktu.<\/p>\n<p class=\"font-claude-response-body break-words whitespace-normal leading-[1.7]\">Zakup kapsu\u0142ek mo\u017cliwy jest wy\u0142\u0105cznie za po\u015brednictwem oficjalnej strony internetowej producenta. Taki model sprzeda\u017cy eliminuje ryzyko nabycia podr\u00f3bki lub produktu o w\u0105tpliwej jako\u015bci, kt\u00f3re niestety pojawiaj\u0105 si\u0119 na platformach aukcyjnych i w nieautoryzowanych punktach sprzeda\u017cy.<\/p>\n<p class=\"font-claude-response-body break-words whitespace-normal leading-[1.7]\">Zamawiaj\u0105c bezpo\u015brednio u producenta, klienci mog\u0105 liczy\u0107 na:<\/p>\n<ul class=\"[li_&amp;]:mb-0 [li_&amp;]:mt-1 [li_&amp;]:gap-1 [&amp;:not(:last-child)_ul]:pb-1 [&amp;:not(:last-child)_ol]:pb-1 list-disc flex flex-col gap-1 pl-8 mb-3\">\n<li class=\"whitespace-normal break-words pl-2\"><strong>Gwarancj\u0119 autentyczno\u015bci<\/strong> \u2013 pewno\u015b\u0107, \u017ce otrzymaj\u0105 oryginalny produkt o pe\u0142nej skuteczno\u015bci<\/li>\n<li class=\"whitespace-normal break-words pl-2\"><strong>Atrakcyjne promocje<\/strong> \u2013 regularne oferty specjalne i pakiety ekonomiczne<\/li>\n<li class=\"whitespace-normal break-words pl-2\"><strong>Dyskretn\u0105 wysy\u0142k\u0119<\/strong> \u2013 neutralne opakowanie chroni\u0105ce prywatno\u015b\u0107 klienta<\/li>\n<li class=\"whitespace-normal break-words pl-2\"><strong>Profesjonaln\u0105 obs\u0142ug\u0119<\/strong> \u2013 wsparcie konsultant\u00f3w w razie pyta\u0144 dotycz\u0105cych produktu<\/li>\n<li class=\"whitespace-normal break-words pl-2\"><strong>Bezpieczne p\u0142atno\u015bci<\/strong> \u2013 r\u00f3\u017cne metody p\u0142atno\u015bci zapewniaj\u0105ce bezpiecze\u0144stwo transakcji<\/li>\n<\/ul>\n<p class=\"font-claude-response-body break-words whitespace-normal leading-[1.7]\">Warto unika\u0107 zakup\u00f3w z nieoficjalnych \u017ar\u00f3de\u0142, poniewa\u017c na rynku pojawiaj\u0105 si\u0119 niskiej jako\u015bci imitacje, kt\u00f3re nie tylko nie przynosz\u0105 oczekiwanych efekt\u00f3w, ale mog\u0105 by\u0107 r\u00f3wnie\u017c szkodliwe dla zdrowia.<\/p>\n<h2 class=\"text-text-100 mt-3 -mb-1 text-[1.125rem] font-bold\">Instrukcja stosowania Enlargement<\/h2>\n<p class=\"font-claude-response-body break-words whitespace-normal leading-[1.7]\">Prawid\u0142owe stosowanie suplementu jest kluczowe dla osi\u0105gni\u0119cia optymalnych rezultat\u00f3w. Producent zaleca przestrzeganie nast\u0119puj\u0105cych wytycznych:<\/p>\n<ul class=\"[li_&amp;]:mb-0 [li_&amp;]:mt-1 [li_&amp;]:gap-1 [&amp;:not(:last-child)_ul]:pb-1 [&amp;:not(:last-child)_ol]:pb-1 list-disc flex flex-col gap-1 pl-8 mb-3\">\n<li class=\"whitespace-normal break-words pl-2\"><strong>Dawkowanie standardowe<\/strong> \u2013 dwie kapsu\u0142ki dziennie, najlepiej rano i wieczorem<\/li>\n<li class=\"whitespace-normal break-words pl-2\"><strong>Spos\u00f3b przyjmowania<\/strong> \u2013 kapsu\u0142ki nale\u017cy popi\u0107 du\u017c\u0105 ilo\u015bci\u0105 wody, nie nale\u017cy ich rozgryza\u0107 ani roz\u0142amywa\u0107<\/li>\n<li class=\"whitespace-normal break-words pl-2\"><strong>Czas przyjmowania<\/strong> \u2013 preparat mo\u017cna przyjmowa\u0107 niezale\u017cnie od posi\u0142k\u00f3w, cho\u0107 zaleca si\u0119 stosowanie przed jedzeniem<\/li>\n<li class=\"whitespace-normal break-words pl-2\"><strong>Regularno\u015b\u0107<\/strong> \u2013 najlepsze efekty osi\u0105ga si\u0119 przy systematycznym stosowaniu przez minimum cztery tygodnie<\/li>\n<li class=\"whitespace-normal break-words pl-2\"><strong>D\u0142ugo\u015b\u0107 kuracji<\/strong> \u2013 zalecany pe\u0142ny cykl to 8-12 tygodni, po kt\u00f3rym mo\u017cna zrobi\u0107 przerw\u0119<\/li>\n<\/ul>\n<p class=\"font-claude-response-body break-words whitespace-normal leading-[1.7]\">Nie nale\u017cy przekracza\u0107 zalecanej dawki dziennej. Zwi\u0119kszenie ilo\u015bci przyjmowanych kapsu\u0142ek nie przyspieszy efekt\u00f3w, a mo\u017ce zwi\u0119kszy\u0107 ryzyko dzia\u0142a\u0144 niepo\u017c\u0105danych.<\/p>\n<p class=\"font-claude-response-body break-words whitespace-normal leading-[1.7]\">Podczas stosowania suplementu warto zadba\u0107 o zdrowy tryb \u017cycia \u2013 regularn\u0105 aktywno\u015b\u0107 fizyczn\u0105, zbilansowan\u0105 diet\u0119 i odpowiedni\u0105 ilo\u015b\u0107 snu. Unikanie alkoholu i nikotyny r\u00f3wnie\u017c pozytywnie wp\u0142ynie na skuteczno\u015b\u0107 preparatu.<\/p>\n<h2 class=\"text-text-100 mt-3 -mb-1 text-[1.125rem] font-bold\">Skutki uboczne i bezpiecze\u0144stwo stosowania<\/h2>\n<p class=\"font-claude-response-body break-words whitespace-normal leading-[1.7]\">Enlargement zosta\u0142 opracowany z my\u015bl\u0105 o maksymalnym bezpiecze\u0144stwie u\u017cytkownik\u00f3w. Naturalna kompozycja sk\u0142adnik\u00f3w minimalizuje ryzyko wyst\u0105pienia dzia\u0142a\u0144 niepo\u017c\u0105danych. Produkt przeszed\u0142 szereg test\u00f3w i bada\u0144 potwierdzaj\u0105cych jego bezpiecze\u0144stwo.<\/p>\n<p class=\"font-claude-response-body break-words whitespace-normal leading-[1.7]\">U wi\u0119kszo\u015bci m\u0119\u017cczyzn stosowanie kapsu\u0142ek nie powoduje \u017cadnych negatywnych objaw\u00f3w. W rzadkich przypadkach mog\u0105 wyst\u0105pi\u0107:<\/p>\n<ul class=\"[li_&amp;]:mb-0 [li_&amp;]:mt-1 [li_&amp;]:gap-1 [&amp;:not(:last-child)_ul]:pb-1 [&amp;:not(:last-child)_ol]:pb-1 list-disc flex flex-col gap-1 pl-8 mb-3\">\n<li class=\"whitespace-normal break-words pl-2\"><strong>\u0141agodne dolegliwo\u015bci \u017co\u0142\u0105dkowe<\/strong> \u2013 przemijaj\u0105ce uczucie pe\u0142no\u015bci lub dyskomfort w pierwszych dniach stosowania<\/li>\n<li class=\"whitespace-normal break-words pl-2\"><strong>Delikatne b\u00f3le g\u0142owy<\/strong> \u2013 zwi\u0105zane z rozszerzeniem naczy\u0144 krwiono\u015bnych, ust\u0119puj\u0105 samoistnie<\/li>\n<li class=\"whitespace-normal break-words pl-2\"><strong>Przej\u015bciowe zaczerwienienie twarzy<\/strong> \u2013 efekt poprawy kr\u0105\u017cenia krwi<\/li>\n<\/ul>\n<p class=\"font-claude-response-body break-words whitespace-normal leading-[1.7]\">Przeciwwskazania do stosowania obejmuj\u0105:<\/p>\n<ul class=\"[li_&amp;]:mb-0 [li_&amp;]:mt-1 [li_&amp;]:gap-1 [&amp;:not(:last-child)_ul]:pb-1 [&amp;:not(:last-child)_ol]:pb-1 list-disc flex flex-col gap-1 pl-8 mb-3\">\n<li class=\"whitespace-normal break-words pl-2\"><strong>Uczulenie<\/strong> \u2013 nadwra\u017cliwo\u015b\u0107 na kt\u00f3rykolwiek ze sk\u0142adnik\u00f3w preparatu<\/li>\n<li class=\"whitespace-normal break-words pl-2\"><strong>Powa\u017cne choroby serca<\/strong> \u2013 pacjenci po zawale lub z niewyr\u00f3wnan\u0105 niewydolno\u015bci\u0105 sercow\u0105 powinni skonsultowa\u0107 si\u0119 z lekarzem<\/li>\n<li class=\"whitespace-normal break-words pl-2\"><strong>Przyjmowanie azotan\u00f3w<\/strong> \u2013 interakcje z lekami rozszerzaj\u0105cymi naczynia krwiono\u015bne<\/li>\n<li class=\"whitespace-normal break-words pl-2\"><strong>Wiek poni\u017cej 18 lat<\/strong> \u2013 produkt przeznaczony wy\u0142\u0105cznie dla doros\u0142ych m\u0119\u017cczyzn<\/li>\n<\/ul>\n<p class=\"font-claude-response-body break-words whitespace-normal leading-[1.7]\">Przed rozpocz\u0119ciem suplementacji osoby przewlekle chore lub przyjmuj\u0105ce leki na sta\u0142e powinny skonsultowa\u0107 si\u0119 z lekarzem. Preparat nie powinien by\u0107 stosowany jako zamiennik zr\u00f3\u017cnicowanej diety i zdrowego stylu \u017cycia.<\/p>\n<h2 class=\"text-text-100 mt-3 -mb-1 text-[1.125rem] font-bold\">Opinie o Enlargement \u2013 recenzje i forum<\/h2>\n<p class=\"font-claude-response-body break-words whitespace-normal leading-[1.7]\">Enlargement cieszy si\u0119 pozytywnym odbiorem w\u015br\u00f3d u\u017cytkownik\u00f3w, o czym \u015bwiadcz\u0105 liczne recenzje zamieszczane na forach internetowych po\u015bwi\u0119conych zdrowiu m\u0119skiemu. M\u0119\u017cczy\u017ani podkre\u015blaj\u0105 popraw\u0119 jako\u015bci \u017cycia intymnego oraz wzrost pewno\u015bci siebie.<\/p>\n<p class=\"font-claude-response-body break-words whitespace-normal leading-[1.7]\">Na specjalistycznych portalach i w grupach dyskusyjnych przewa\u017caj\u0105 pozytywne opinie, cho\u0107 u\u017cytkownicy uczciwie zaznaczaj\u0105, \u017ce efekty s\u0105 indywidualne i zale\u017c\u0105 od wielu czynnik\u00f3w, w tym stanu zdrowia, trybu \u017cycia czy regularno\u015bci stosowania.<\/p>\n<p class=\"font-claude-response-body break-words whitespace-normal leading-[1.7]\">Przyk\u0142adowe recenzje klient\u00f3w:<\/p>\n<ul class=\"[li_&amp;]:mb-0 [li_&amp;]:mt-1 [li_&amp;]:gap-1 [&amp;:not(:last-child)_ul]:pb-1 [&amp;:not(:last-child)_ol]:pb-1 list-disc flex flex-col gap-1 pl-8 mb-3\">\n<li class=\"whitespace-normal break-words pl-2\"><strong>Marek, 42 lata<\/strong>: &#8222;Po przekroczeniu czterdziestki zauwa\u017cy\u0142em spadek formy w sypialni. \u017bona sugerowa\u0142a wizyt\u0119 u lekarza, ale postanowi\u0142em najpierw spr\u00f3bowa\u0107 naturalnego wsparcia. Enlargement okaza\u0142 si\u0119 strza\u0142em w dziesi\u0105tk\u0119. Po miesi\u0105cu stosowania odzyska\u0142em pewno\u015b\u0107 siebie, a jako\u015b\u0107 erekcji znacznie si\u0119 poprawi\u0142a. Stosunki s\u0105 d\u0142u\u017csze i bardziej satysfakcjonuj\u0105ce dla nas obojga. Polecam ka\u017cdemu, kto ma podobne problemy.&#8221;<\/li>\n<li class=\"whitespace-normal break-words pl-2\"><strong>Tomasz, 35 lat<\/strong>: &#8222;Skeptycznie podchodzi\u0142em do suplement\u00f3w, ale po przeczytaniu sk\u0142adu postanowi\u0142em da\u0107 szans\u0119 Enlargement. Nie \u017ca\u0142uj\u0119. Ju\u017c po dw\u00f3ch tygodniach poczu\u0142em r\u00f3\u017cnic\u0119 \u2013 wi\u0119ksz\u0105 energi\u0119, silniejsze libido i lepsz\u0105 kontrol\u0119. Wa\u017cne, \u017ce produkt dzia\u0142a naturalnie, bez \u017cadnych dziwnych efekt\u00f3w ubocznych. Jedyne, czego \u017ca\u0142uj\u0119, to \u017ce nie zacz\u0105\u0142em wcze\u015bniej.&#8221;<\/li>\n<\/ul>\n<p class=\"font-claude-response-body break-words whitespace-normal leading-[1.7]\">Eksperci zwracaj\u0105 uwag\u0119, \u017ce skuteczno\u015b\u0107 preparatu wynika z synergicznego dzia\u0142ania sk\u0142adnik\u00f3w aktywnych oraz systematycznego stosowania. Suplementacja powinna by\u0107 traktowana jako element kompleksowej dba\u0142o\u015bci o zdrowie seksualne, a nie jako jednorazowe rozwi\u0105zanie problem\u00f3w intymnych.<\/p>\n","protected":false},"excerpt":{"rendered":"<p>Enlargement to innowacyjny suplement diety w formie kapsu\u0142ek, stworzony specjalnie dla m\u0119\u017cczyzn pragn\u0105cych poprawi\u0107 jako\u015b\u0107 swojego \u017cycia intymnego. Produkt zosta\u0142 opracowany z my\u015bl\u0105 o kompleksowym wsparciu m\u0119skiej funkcji seksualnej, wykorzystuj\u0105c wy\u0142\u0105cznie naturalne sk\u0142adniki o udokumentowanym dzia\u0142aniu. Preparat wyr\u00f3\u017cnia si\u0119 na tle konkurencji przemy\u015blan\u0105 formu\u0142\u0105, kt\u00f3ra \u0142\u0105czy tradycyjn\u0105 wiedz\u0119 zio\u0142olecznictwa z nowoczesnymi osi\u0105gni\u0119ciami suplementacji. Enlargement wspiera [&hellip;]<\/p>\n","protected":false},"featured_media":237,"comment_status":"open","ping_status":"closed","template":"","meta":[],"product_brand":[],"product_cat":[15],"product_tag":[],"class_list":{"0":"post-235","1":"product","2":"type-product","3":"status-publish","4":"has-post-thumbnail","6":"product_cat-witaminy","8":"first","9":"instock","10":"shipping-taxable","11":"product-type-external"},"aioseo_notices":[],"_links":{"self":[{"href":"https:\/\/klinika-imagine.pl\/sklep\/wp-json\/wp\/v2\/product\/235","targetHints":{"allow":["GET"]}}],"collection":[{"href":"https:\/\/klinika-imagine.pl\/sklep\/wp-json\/wp\/v2\/product"}],"about":[{"href":"https:\/\/klinika-imagine.pl\/sklep\/wp-json\/wp\/v2\/types\/product"}],"replies":[{"embeddable":true,"href":"https:\/\/klinika-imagine.pl\/sklep\/wp-json\/wp\/v2\/comments?post=235"}],"wp:featuredmedia":[{"embeddable":true,"href":"https:\/\/klinika-imagine.pl\/sklep\/wp-json\/wp\/v2\/media\/237"}],"wp:attachment":[{"href":"https:\/\/klinika-imagine.pl\/sklep\/wp-json\/wp\/v2\/media?parent=235"}],"wp:term":[{"taxonomy":"product_brand","embeddable":true,"href":"https:\/\/klinika-imagine.pl\/sklep\/wp-json\/wp\/v2\/product_brand?post=235"},{"taxonomy":"product_cat","embeddable":true,"href":"https:\/\/klinika-imagine.pl\/sklep\/wp-json\/wp\/v2\/product_cat?post=235"},{"taxonomy":"product_tag","embeddable":true,"href":"https:\/\/klinika-imagine.pl\/sklep\/wp-json\/wp\/v2\/product_tag?post=235"}],"curies":[{"name":"wp","href":"https:\/\/api.w.org\/{rel}","templated":true}]}}