{"id":224,"date":"2026-02-03T07:23:38","date_gmt":"2026-02-03T07:23:38","guid":{"rendered":"https:\/\/klinika-imagine.pl\/sklep\/?post_type=product&#038;p=224"},"modified":"2026-02-03T07:23:38","modified_gmt":"2026-02-03T07:23:38","slug":"cardiominal","status":"publish","type":"product","link":"https:\/\/klinika-imagine.pl\/sklep\/product\/cardiominal\/","title":{"rendered":"Cardiominal"},"content":{"rendered":"<p class=\"font-claude-response-body break-words whitespace-normal leading-[1.7]\">Problemy z uk\u0142adem sercowo-naczyniowym dotycz\u0105 coraz wi\u0119kszej liczby os\u00f3b w Polsce i na \u015bwiecie. Nadci\u015bnienie t\u0119tnicze, zaburzenia rytmu serca oraz og\u00f3lne os\u0142abienie funkcji sercowo-naczyniowych to schorzenia, kt\u00f3re wymagaj\u0105 kompleksowego wsparcia. Cardiominal to preparat w formie kapsu\u0142ek, kt\u00f3ry zosta\u0142 opracowany z my\u015bl\u0105 o wsparciu zdrowia serca i naczy\u0144 krwiono\u015bnych.<\/p>\n<p class=\"font-claude-response-body break-words whitespace-normal leading-[1.7]\">Formu\u0142a Cardiominal opiera si\u0119 na naturalnych sk\u0142adnikach, kt\u00f3re dzia\u0142aj\u0105 synergicznie, wspieraj\u0105c prawid\u0142owe funkcjonowanie uk\u0142adu kr\u0105\u017cenia. Produkt jest przeznaczony dla os\u00f3b, kt\u00f3re chc\u0105 zadba\u0107 o zdrowie sercowo-naczyniowe w spos\u00f3b naturalny i bezpieczny.<\/p>\n<h2 class=\"text-text-100 mt-3 -mb-1 text-[1.125rem] font-bold\">Czym jest Cardiominal?<\/h2>\n<p class=\"font-claude-response-body break-words whitespace-normal leading-[1.7]\">Cardiominal to suplement diety w postaci kapsu\u0142ek, stworzony specjalnie do wsparcia uk\u0142adu sercowo-naczyniowego. Preparat \u0142\u0105czy w sobie starannie dobrane sk\u0142adniki naturalne, kt\u00f3re pomagaj\u0105 w utrzymaniu prawid\u0142owego ci\u015bnienia krwi oraz wspieraj\u0105 funkcje serca.<\/p>\n<p class=\"font-claude-response-body break-words whitespace-normal leading-[1.7]\">Produkt jest efektem wieloletnich bada\u0144 nad naturalnymi metodami wspomagania zdrowia uk\u0142adu kr\u0105\u017cenia. Formu\u0142a zosta\u0142a opracowana z uwzgl\u0119dnieniem najnowszej wiedzy z zakresu kardiologii i fitoterapii. Cardiominal nie zawiera substancji syntetycznych ani szkodliwych dodatk\u00f3w chemicznych.<\/p>\n<p class=\"font-claude-response-body break-words whitespace-normal leading-[1.7]\">Preparat dedykowany jest osobom doros\u0142ym, kt\u00f3re borykaj\u0105 si\u0119 z problemami sercowo-naczyniowymi lub chc\u0105 profilaktycznie zadba\u0107 o zdrowie swojego serca. Mo\u017ce by\u0107 stosowany zar\u00f3wno przez osoby z pierwszymi objawami problem\u00f3w kardiologicznych, jak i przez tych, kt\u00f3rzy chc\u0105 wzmocni\u0107 sw\u00f3j uk\u0142ad kr\u0105\u017cenia.<\/p>\n<h2 class=\"text-text-100 mt-3 -mb-1 text-[1.125rem] font-bold\">Jak dzia\u0142a Cardiominal \u2013 efekty stosowania<\/h2>\n<p class=\"font-claude-response-body break-words whitespace-normal leading-[1.7]\">Dzia\u0142anie Cardiominal opiera si\u0119 na kompleksowym wsparciu uk\u0142adu sercowo-naczyniowego poprzez naturalne sk\u0142adniki aktywne. Preparat wp\u0142ywa na wiele aspekt\u00f3w funkcjonowania serca i naczy\u0144 krwiono\u015bnych, co przek\u0142ada si\u0119 na wymierne korzy\u015bci zdrowotne.<\/p>\n<p class=\"font-claude-response-body break-words whitespace-normal leading-[1.7]\">G\u0142\u00f3wne efekty stosowania preparatu obejmuj\u0105:<\/p>\n<ul class=\"[li_&amp;]:mb-0 [li_&amp;]:mt-1 [li_&amp;]:gap-1 [&amp;:not(:last-child)_ul]:pb-1 [&amp;:not(:last-child)_ol]:pb-1 list-disc flex flex-col gap-1 pl-8 mb-3\">\n<li class=\"whitespace-normal break-words pl-2\"><strong>Normalizacja ci\u015bnienia t\u0119tniczego<\/strong> \u2013 sk\u0142adniki aktywne pomagaj\u0105 w utrzymaniu prawid\u0142owego poziomu ci\u015bnienia krwi, co jest kluczowe dla zdrowia sercowo-naczyniowego<\/li>\n<li class=\"whitespace-normal break-words pl-2\"><strong>Wzmocnienie \u015bcian naczy\u0144 krwiono\u015bnych<\/strong> \u2013 preparat wspiera elastyczno\u015b\u0107 i wytrzyma\u0142o\u015b\u0107 naczy\u0144, zmniejszaj\u0105c ryzyko ich uszkodzenia<\/li>\n<li class=\"whitespace-normal break-words pl-2\"><strong>Poprawa kr\u0105\u017cenia krwi<\/strong> \u2013 aktywne substancje u\u0142atwiaj\u0105 przep\u0142yw krwi przez uk\u0142ad naczyniowy, co wspiera dotlenienie tkanek i narz\u0105d\u00f3w<\/li>\n<li class=\"whitespace-normal break-words pl-2\"><strong>Regulacja rytmu serca<\/strong> \u2013 naturalne sk\u0142adniki pomagaj\u0105 w utrzymaniu prawid\u0142owej cz\u0119sto\u015bci i rytmiczno\u015bci pracy serca<\/li>\n<li class=\"whitespace-normal break-words pl-2\"><strong>Redukcja poziomu cholesterolu<\/strong> \u2013 preparat wspomaga obni\u017cenie poziomu cholesterolu LDL, co chroni naczynia przed mia\u017cd\u017cyc\u0105<\/li>\n<li class=\"whitespace-normal break-words pl-2\"><strong>Wsparcie metabolizmu kom\u00f3rkowego<\/strong> \u2013 sk\u0142adniki aktywne dostarczaj\u0105 niezb\u0119dnych substancji dla prawid\u0142owej pracy kom\u00f3rek mi\u0119\u015bnia sercowego<\/li>\n<\/ul>\n<p class=\"font-claude-response-body break-words whitespace-normal leading-[1.7]\">Efekty stosowania Cardiominal s\u0105 zazwyczaj zauwa\u017calne po 2-3 tygodniach regularnego przyjmowania preparatu. U\u017cytkownicy zg\u0142aszaj\u0105 popraw\u0119 samopoczucia, zmniejszenie uczucia zm\u0119czenia oraz stabilizacj\u0119 ci\u015bnienia t\u0119tniczego. D\u0142ugotrwa\u0142e stosowanie preparatu przynosi trwa\u0142e efekty w zakresie wzmocnienia ca\u0142ego uk\u0142adu sercowo-naczyniowego.<\/p>\n<h2 class=\"text-text-100 mt-3 -mb-1 text-[1.125rem] font-bold\">Sk\u0142ad Cardiominal \u2013 naturalne sk\u0142adniki<\/h2>\n<p class=\"font-claude-response-body break-words whitespace-normal leading-[1.7]\">Skuteczno\u015b\u0107 Cardiominal wynika z przemy\u015blanego sk\u0142adu opartego wy\u0142\u0105cznie na naturalnych komponentach. Ka\u017cdy sk\u0142adnik zosta\u0142 starannie dobrany ze wzgl\u0119du na swoje w\u0142a\u015bciwo\u015bci wspieraj\u0105ce uk\u0142ad sercowo-naczyniowy.<\/p>\n<p class=\"font-claude-response-body break-words whitespace-normal leading-[1.7]\">G\u0142\u00f3wne sk\u0142adniki aktywne preparatu:<\/p>\n<ul class=\"[li_&amp;]:mb-0 [li_&amp;]:mt-1 [li_&amp;]:gap-1 [&amp;:not(:last-child)_ul]:pb-1 [&amp;:not(:last-child)_ol]:pb-1 list-disc flex flex-col gap-1 pl-8 mb-3\">\n<li class=\"whitespace-normal break-words pl-2\"><strong>Ekstrakt z g\u0142ogu<\/strong> \u2013 ro\u015blina o udokumentowanym dzia\u0142aniu kardioprotekcyjnym, wzmacnia mi\u0119sie\u0144 sercowy i poprawia kr\u0105\u017cenie wie\u0144cowe<\/li>\n<li class=\"whitespace-normal break-words pl-2\"><strong>Koenzym Q10<\/strong> \u2013 niezb\u0119dny dla produkcji energii w kom\u00f3rkach serca, wspiera funkcje metaboliczne mi\u0119\u015bnia sercowego<\/li>\n<li class=\"whitespace-normal break-words pl-2\"><strong>Magnez<\/strong> \u2013 pierwiastek kluczowy dla prawid\u0142owej pracy serca, reguluje rytm serca i wspomaga funkcjonowanie uk\u0142adu nerwowego<\/li>\n<li class=\"whitespace-normal break-words pl-2\"><strong>Kwas foliowy<\/strong> \u2013 wspiera produkcj\u0119 czerwonych krwinek i prawid\u0142owe funkcjonowanie uk\u0142adu kr\u0105\u017cenia<\/li>\n<li class=\"whitespace-normal break-words pl-2\"><strong>Witamina B6<\/strong> \u2013 uczestniczy w metabolizmie homocysteiny, kt\u00f3rej nadmiar mo\u017ce uszkadza\u0107 naczynia krwiono\u015bne<\/li>\n<li class=\"whitespace-normal break-words pl-2\"><strong>Ekstrakt z czosnku<\/strong> \u2013 wykazuje dzia\u0142anie hipotensyjne i przeciwmia\u017cd\u017cycowe, wspiera obni\u017canie poziomu cholesterolu<\/li>\n<li class=\"whitespace-normal break-words pl-2\"><strong>Witamina K2<\/strong> \u2013 zapobiega odk\u0142adaniu si\u0119 wapnia w \u015bcianach naczy\u0144 krwiono\u015bnych, chroni\u0105c je przed zwapnieniem<\/li>\n<\/ul>\n<p class=\"font-claude-response-body break-words whitespace-normal leading-[1.7]\">Wszystkie sk\u0142adniki Cardiominal pochodz\u0105 z certyfikowanych \u017ar\u00f3de\u0142 i spe\u0142niaj\u0105 najwy\u017csze standardy jako\u015bci. Preparat nie zawiera sztucznych barwnik\u00f3w, konserwant\u00f3w ani substancji GMO. Formu\u0142a zosta\u0142a opracowana z uwzgl\u0119dnieniem optymalnych dawek poszczeg\u00f3lnych sk\u0142adnik\u00f3w.<\/p>\n<h2 class=\"text-text-100 mt-3 -mb-1 text-[1.125rem] font-bold\">Cena Cardiominal \u2013 gdzie kupi\u0107 (apteka, online)<\/h2>\n<p class=\"font-claude-response-body break-words whitespace-normal leading-[1.7]\">Cardiominal nie jest dost\u0119pny w tradycyjnych aptekach stacjonarnych ani w sieciach handlowych. Producent podj\u0105\u0142 decyzj\u0119 o dystrybucji preparatu wy\u0142\u0105cznie poprzez oficjaln\u0105 stron\u0119 internetow\u0105, co pozwala na kontrol\u0119 jako\u015bci produktu i eliminacj\u0119 ryzyka zakupu podr\u00f3bek.<\/p>\n<p class=\"font-claude-response-body break-words whitespace-normal leading-[1.7]\">Zakup bezpo\u015brednio od producenta gwarantuje otrzymanie oryginalnego preparatu z zachowanym terminem wa\u017cno\u015bci i odpowiednimi warunkami przechowywania. Oficjalna strona oferuje r\u00f3wnie\u017c mo\u017cliwo\u015b\u0107 skorzystania z promocji i zestaw\u00f3w oszcz\u0119dno\u015bciowych, kt\u00f3re s\u0105 niedost\u0119pne w innych kana\u0142ach sprzeda\u017cy.<\/p>\n<p class=\"font-claude-response-body break-words whitespace-normal leading-[1.7]\">Zamawiaj\u0105c Cardiominal przez oficjaln\u0105 stron\u0119 producenta, klient otrzymuje:<\/p>\n<ul class=\"[li_&amp;]:mb-0 [li_&amp;]:mt-1 [li_&amp;]:gap-1 [&amp;:not(:last-child)_ul]:pb-1 [&amp;:not(:last-child)_ol]:pb-1 list-disc flex flex-col gap-1 pl-8 mb-3\">\n<li class=\"whitespace-normal break-words pl-2\"><strong>Gwarancj\u0119 autentyczno\u015bci produktu<\/strong> \u2013 eliminacja ryzyka zakupu podr\u00f3bek lub preparat\u00f3w o nieznanym pochodzeniu<\/li>\n<li class=\"whitespace-normal break-words pl-2\"><strong>Wsparcie konsultant\u00f3w<\/strong> \u2013 mo\u017cliwo\u015b\u0107 uzyskania fachowych porad dotycz\u0105cych stosowania preparatu<\/li>\n<li class=\"whitespace-normal break-words pl-2\"><strong>Bezpieczn\u0105 p\u0142atno\u015b\u0107<\/strong> \u2013 r\u00f3\u017cne formy p\u0142atno\u015bci z zachowaniem pe\u0142nego bezpiecze\u0144stwa transakcji<\/li>\n<li class=\"whitespace-normal break-words pl-2\"><strong>Dyskretn\u0105 dostaw\u0119<\/strong> \u2013 przesy\u0142ka dociera w neutralnym opakowaniu bez informacji o zawarto\u015bci<\/li>\n<\/ul>\n<p class=\"font-claude-response-body break-words whitespace-normal leading-[1.7]\">Zam\u00f3wienie realizowane jest sprawnie, a czas dostawy wynosi zazwyczaj 2-3 dni robocze. Producent regularnie organizuje promocje cenowe, kt\u00f3re pozwalaj\u0105 na zakup preparatu w korzystniejszej cenie.<\/p>\n<h2 class=\"text-text-100 mt-3 -mb-1 text-[1.125rem] font-bold\">Instrukcja stosowania Cardiominal<\/h2>\n<p class=\"font-claude-response-body break-words whitespace-normal leading-[1.7]\">Prawid\u0142owe stosowanie Cardiominal jest kluczowe dla osi\u0105gni\u0119cia optymalnych efekt\u00f3w zdrowotnych. Producent zaleca przestrzeganie zalece\u0144 zawartych w ulotce do\u0142\u0105czonej do ka\u017cdego opakowania preparatu.<\/p>\n<p class=\"font-claude-response-body break-words whitespace-normal leading-[1.7]\">Zalecany spos\u00f3b przyjmowania:<\/p>\n<ul class=\"[li_&amp;]:mb-0 [li_&amp;]:mt-1 [li_&amp;]:gap-1 [&amp;:not(:last-child)_ul]:pb-1 [&amp;:not(:last-child)_ol]:pb-1 list-disc flex flex-col gap-1 pl-8 mb-3\">\n<li class=\"whitespace-normal break-words pl-2\"><strong>Dawkowanie podstawowe<\/strong> \u2013 2 kapsu\u0142ki dziennie, najlepiej podczas posi\u0142k\u00f3w, aby zapewni\u0107 lepsze wch\u0142anianie sk\u0142adnik\u00f3w aktywnych<\/li>\n<li class=\"whitespace-normal break-words pl-2\"><strong>Pora przyjmowania<\/strong> \u2013 zaleca si\u0119 przyjmowanie kapsu\u0142ek rano i wieczorem, z zachowaniem regularnych odst\u0119p\u00f3w czasowych<\/li>\n<li class=\"whitespace-normal break-words pl-2\"><strong>Popijanie wod\u0105<\/strong> \u2013 ka\u017cd\u0105 kapsu\u0142k\u0119 nale\u017cy popi\u0107 szklank\u0105 wody, co u\u0142atwia prze\u0142kni\u0119cie i wspomaga wch\u0142anianie sk\u0142adnik\u00f3w<\/li>\n<li class=\"whitespace-normal break-words pl-2\"><strong>Regularno\u015b\u0107<\/strong> \u2013 preparat nale\u017cy przyjmowa\u0107 systematycznie, codziennie o tej samej porze, aby utrzyma\u0107 sta\u0142e st\u0119\u017cenie sk\u0142adnik\u00f3w aktywnych<\/li>\n<\/ul>\n<p class=\"font-claude-response-body break-words whitespace-normal leading-[1.7]\">Minimalny zalecany okres stosowania Cardiominal to 30 dni. Dla uzyskania trwa\u0142ych efekt\u00f3w rekomenduje si\u0119 kuracj\u0119 trwaj\u0105c\u0105 2-3 miesi\u0105ce. Po zako\u0144czeniu cyklu mo\u017cna zrobi\u0107 miesi\u0119czn\u0105 przerw\u0119, a nast\u0119pnie kontynuowa\u0107 stosowanie preparatu.<\/p>\n<p class=\"font-claude-response-body break-words whitespace-normal leading-[1.7]\">Nie nale\u017cy przekracza\u0107 zalecanej dawki dziennej. Preparat nie mo\u017ce by\u0107 stosowany jako zamiennik zr\u00f3\u017cnicowanej diety i zdrowego stylu \u017cycia. Osoby przyjmuj\u0105ce leki na recept\u0119 powinny skonsultowa\u0107 stosowanie Cardiominal z lekarzem prowadz\u0105cym.<\/p>\n<h2 class=\"text-text-100 mt-3 -mb-1 text-[1.125rem] font-bold\">Skutki uboczne i bezpiecze\u0144stwo stosowania<\/h2>\n<p class=\"font-claude-response-body break-words whitespace-normal leading-[1.7]\">Cardiominal zosta\u0142 sformu\u0142owany z naturalnych sk\u0142adnik\u00f3w, co znacz\u0105co ogranicza ryzyko wyst\u0105pienia dzia\u0142a\u0144 niepo\u017c\u0105danych. Preparat przeszed\u0142 badania bezpiecze\u0144stwa i jest dobrze tolerowany przez wi\u0119kszo\u015b\u0107 u\u017cytkownik\u00f3w.<\/p>\n<p class=\"font-claude-response-body break-words whitespace-normal leading-[1.7]\">Kluczowe informacje dotycz\u0105ce bezpiecze\u0144stwa:<\/p>\n<ul class=\"[li_&amp;]:mb-0 [li_&amp;]:mt-1 [li_&amp;]:gap-1 [&amp;:not(:last-child)_ul]:pb-1 [&amp;:not(:last-child)_ol]:pb-1 list-disc flex flex-col gap-1 pl-8 mb-3\">\n<li class=\"whitespace-normal break-words pl-2\"><strong>Profil bezpiecze\u0144stwa<\/strong> \u2013 naturalne sk\u0142adniki preparatu minimalizuj\u0105 ryzyko powa\u017cnych skutk\u00f3w ubocznych<\/li>\n<li class=\"whitespace-normal break-words pl-2\"><strong>Rzadkie reakcje<\/strong> \u2013 u niewielkiego odsetka u\u017cytkownik\u00f3w mog\u0105 wyst\u0105pi\u0107 \u0142agodne dolegliwo\u015bci \u017co\u0142\u0105dkowo-jelitowe w pierwszych dniach stosowania<\/li>\n<li class=\"whitespace-normal break-words pl-2\"><strong>Interakcje z lekami<\/strong> \u2013 osoby przyjmuj\u0105ce leki przeciwzakrzepowe lub przeciwnadci\u015bnieniowe powinny skonsultowa\u0107 stosowanie z lekarzem<\/li>\n<li class=\"whitespace-normal break-words pl-2\"><strong>Przeciwwskazania<\/strong> \u2013 preparat nie jest przeznaczony dla kobiet w ci\u0105\u017cy i karmi\u0105cych piersi\u0105, a tak\u017ce dla os\u00f3b poni\u017cej 18 roku \u017cycia<\/li>\n<\/ul>\n<p class=\"font-claude-response-body break-words whitespace-normal leading-[1.7]\">Zgodnie z zaleceniami producenta, w przypadku wyst\u0105pienia jakichkolwiek niepokoj\u0105cych objaw\u00f3w po rozpocz\u0119ciu stosowania preparatu, nale\u017cy przerwa\u0107 jego przyjmowanie i skontaktowa\u0107 si\u0119 z lekarzem. Osoby z zdiagnozowanymi chorobami przewlek\u0142ymi powinny przed rozpocz\u0119ciem suplementacji zasi\u0119gn\u0105\u0107 opinii specjalisty.<\/p>\n<p class=\"font-claude-response-body break-words whitespace-normal leading-[1.7]\">Cardiominal nie powoduje uzale\u017cnienia i mo\u017cna bezpiecznie przerwa\u0107 jego stosowanie w dowolnym momencie. Preparat nie wp\u0142ywa negatywnie na zdolno\u015b\u0107 prowadzenia pojazd\u00f3w ani obs\u0142ugi maszyn.<\/p>\n<h2 class=\"text-text-100 mt-3 -mb-1 text-[1.125rem] font-bold\">Opinie o Cardiominal \u2013 recenzje i forum<\/h2>\n<p class=\"font-claude-response-body break-words whitespace-normal leading-[1.7]\">U\u017cytkownicy Cardiominal dziel\u0105 si\u0119 pozytywnymi do\u015bwiadczeniami zwi\u0105zanymi ze stosowaniem preparatu. Recenzje publikowane na forach internetowych oraz w opiniach klient\u00f3w wskazuj\u0105 na wysok\u0105 skuteczno\u015b\u0107 produktu w zakresie wsparcia uk\u0142adu sercowo-naczyniowego.<\/p>\n<p class=\"font-claude-response-body break-words whitespace-normal leading-[1.7]\">Analizuj\u0105c opinie dost\u0119pne w sieci, mo\u017cna zauwa\u017cy\u0107 powtarzaj\u0105ce si\u0119 motywy dotycz\u0105ce efekt\u00f3w stosowania. U\u017cytkownicy podkre\u015blaj\u0105 popraw\u0119 samopoczucia, stabilizacj\u0119 ci\u015bnienia t\u0119tniczego oraz zmniejszenie uczucia zm\u0119czenia. Wiele os\u00f3b zwraca uwag\u0119 na naturalny sk\u0142ad preparatu jako g\u0142\u00f3wny pow\u00f3d decyzji o zakupie.<\/p>\n<p class=\"font-claude-response-body break-words whitespace-normal leading-[1.7]\">Przyk\u0142adowe opinie u\u017cytkownik\u00f3w:<\/p>\n<ul class=\"[li_&amp;]:mb-0 [li_&amp;]:mt-1 [li_&amp;]:gap-1 [&amp;:not(:last-child)_ul]:pb-1 [&amp;:not(:last-child)_ol]:pb-1 list-disc flex flex-col gap-1 pl-8 mb-3\">\n<li class=\"whitespace-normal break-words pl-2\"><strong>Krzysztof, 56 lat<\/strong>: \u201ePo dw\u00f3ch miesi\u0105cach stosowania Cardiominal zauwa\u017cy\u0142em znacz\u0105c\u0105 popraw\u0119. Moje ci\u015bnienie ustabilizowa\u0142o si\u0119, a k\u0142opoty z arytmi\u0105 praktycznie ust\u0105pi\u0142y. Co wa\u017cne, preparat nie wywo\u0142a\u0142 u mnie \u017cadnych skutk\u00f3w ubocznych. Polecam wszystkim, kt\u00f3rzy szukaj\u0105 naturalnego wsparcia dla serca.&#8221;<\/li>\n<li class=\"whitespace-normal break-words pl-2\"><strong>Anna, 62 lata<\/strong>: \u201eZacz\u0119\u0142am przyjmowa\u0107 Cardiominal na zalecenie znajomej, kt\u00f3ra mia\u0142a \u015bwietne efekty. Po miesi\u0105cu regularnego stosowania czuj\u0119 si\u0119 znacznie lepiej \u2013 mam wi\u0119cej energii, nie m\u0119cz\u0119 si\u0119 tak szybko, a kontrola ci\u015bnienia pokazuje bardzo dobre wyniki. Ciesz\u0119 si\u0119, \u017ce zdecydowa\u0142am si\u0119 na ten preparat.&#8221;<\/li>\n<\/ul>\n<p class=\"font-claude-response-body break-words whitespace-normal leading-[1.7]\">Na forach internetowych po\u015bwi\u0119conych zdrowiu serca u\u017cytkownicy wymieniaj\u0105 si\u0119 do\u015bwiadczeniami i wskaz\u00f3wkami dotycz\u0105cymi stosowania Cardiominal. Wi\u0119kszo\u015b\u0107 dyskusji potwierdza skuteczno\u015b\u0107 preparatu i jego bezpiecze\u0144stwo. Specjali\u015bci uczestnicz\u0105cy w dyskusjach podkre\u015blaj\u0105 znaczenie naturalnego sk\u0142adu i kompleksowego dzia\u0142ania produktu.<\/p>\n<p class=\"font-claude-response-body break-words whitespace-normal leading-[1.7]\">Warto zaznaczy\u0107, \u017ce efektywno\u015b\u0107 preparatu mo\u017ce by\u0107 r\u00f3\u017cna w zale\u017cno\u015bci od indywidualnych predyspozycji organizmu. Niekt\u00f3rzy u\u017cytkownicy obserwuj\u0105 pierwsze rezultaty ju\u017c po kilku dniach stosowania, podczas gdy inni potrzebuj\u0105 d\u0142u\u017cszego okresu kuracji. Kluczem do sukcesu jest regularno\u015b\u0107 przyjmowania i przestrzeganie zalece\u0144 producenta.<\/p>\n","protected":false},"excerpt":{"rendered":"<p>Problemy z uk\u0142adem sercowo-naczyniowym dotycz\u0105 coraz wi\u0119kszej liczby os\u00f3b w Polsce i na \u015bwiecie. Nadci\u015bnienie t\u0119tnicze, zaburzenia rytmu serca oraz og\u00f3lne os\u0142abienie funkcji sercowo-naczyniowych to schorzenia, kt\u00f3re wymagaj\u0105 kompleksowego wsparcia. Cardiominal to preparat w formie kapsu\u0142ek, kt\u00f3ry zosta\u0142 opracowany z my\u015bl\u0105 o wsparciu zdrowia serca i naczy\u0144 krwiono\u015bnych. Formu\u0142a Cardiominal opiera si\u0119 na naturalnych sk\u0142adnikach, [&hellip;]<\/p>\n","protected":false},"featured_media":225,"comment_status":"open","ping_status":"closed","template":"","meta":[],"product_brand":[],"product_cat":[15],"product_tag":[],"class_list":{"0":"post-224","1":"product","2":"type-product","3":"status-publish","4":"has-post-thumbnail","6":"product_cat-witaminy","8":"first","9":"instock","10":"sale","11":"shipping-taxable","12":"product-type-external"},"aioseo_notices":[],"_links":{"self":[{"href":"https:\/\/klinika-imagine.pl\/sklep\/wp-json\/wp\/v2\/product\/224","targetHints":{"allow":["GET"]}}],"collection":[{"href":"https:\/\/klinika-imagine.pl\/sklep\/wp-json\/wp\/v2\/product"}],"about":[{"href":"https:\/\/klinika-imagine.pl\/sklep\/wp-json\/wp\/v2\/types\/product"}],"replies":[{"embeddable":true,"href":"https:\/\/klinika-imagine.pl\/sklep\/wp-json\/wp\/v2\/comments?post=224"}],"wp:featuredmedia":[{"embeddable":true,"href":"https:\/\/klinika-imagine.pl\/sklep\/wp-json\/wp\/v2\/media\/225"}],"wp:attachment":[{"href":"https:\/\/klinika-imagine.pl\/sklep\/wp-json\/wp\/v2\/media?parent=224"}],"wp:term":[{"taxonomy":"product_brand","embeddable":true,"href":"https:\/\/klinika-imagine.pl\/sklep\/wp-json\/wp\/v2\/product_brand?post=224"},{"taxonomy":"product_cat","embeddable":true,"href":"https:\/\/klinika-imagine.pl\/sklep\/wp-json\/wp\/v2\/product_cat?post=224"},{"taxonomy":"product_tag","embeddable":true,"href":"https:\/\/klinika-imagine.pl\/sklep\/wp-json\/wp\/v2\/product_tag?post=224"}],"curies":[{"name":"wp","href":"https:\/\/api.w.org\/{rel}","templated":true}]}}